{"id":10527,"date":"2025-08-17T10:42:47","date_gmt":"2025-08-17T10:42:47","guid":{"rendered":"https:\/\/beta.iidemic.org\/?page_id=10527"},"modified":"2025-08-18T12:09:16","modified_gmt":"2025-08-18T12:09:16","slug":"project-team","status":"publish","type":"page","link":"https:\/\/iidemic.org\/?page_id=10527","title":{"rendered":"Project Team"},"content":{"rendered":"\n<!DOCTYPE html>\n<html lang=\"en\">\n<head>\n    <meta charset=\"UTF-8\">\n    <meta name=\"viewport\" content=\"width=device-width, initial-scale=1.0\">\n    <title>Project Team<\/title>\n    <style>\n        body {\n            font-family: Arial, sans-serif;\n            margin: 0;\n            padding: 0;\n            background-color: #f4f4f4;\n        }\n\n        .team-container {\n            max-width: 1200px;\n            margin: 0 auto;\n            padding: 20px;\n        }\n\n        .team-title {\n            text-align: center;\n            font-size: 32px;\n            font-weight: 700;\n            color: #1f2937;\n            margin-bottom: 16px;\n        }\n\n        .university-title {\n            font-size: 24px;\n            font-weight: 600;\n            margin-top: 40px;\n            color: #333;\n        }\n\n        .university-container {\n            display: grid;\n            grid-template-columns: repeat(5, 1fr); \/* 5 columns per row *\/\n            gap: 20px;\n            margin-top: 20px;\n        }\n\n        .team-member {\n            background: #ffffff;\n            border-radius: 12px;\n            box-shadow: 0 4px 6px -1px rgba(0, 0, 0, 0.1), 0 2px 4px -1px rgba(0, 0, 0, 0.06);\n            overflow: hidden;\n            text-align: center;\n            transition: transform 0.2s ease-in-out, box-shadow 0.2s ease-in-out;\n            cursor: pointer;\n        }\n\n        .team-member:hover {\n            transform: translateY(-4px);\n            box-shadow: 0 10px 15px -3px rgba(0, 0, 0, 0.1), 0 4px 6px -2px rgba(0, 0, 0, 0.05);\n        }\n\n        .member-image {\n            width: 100%;\n            height: 180px;\n            object-fit: cover;\n            background-color: #f3f4f6;\n        }\n\n        .member-info {\n            padding: 16px;\n        }\n\n        .member-name {\n            font-size: 16px;\n            font-weight: 600;\n            color: #1f2937;\n            margin: 0 0 8px 0;\n        }\n\n        .member-university {\n            font-size: 12px;\n            color: #6b7280;\n            margin: 0;\n        }\n\n        @media (max-width: 768px) {\n            .university-container {\n                grid-template-columns: repeat(3, 1fr); \/* 3 columns per row *\/\n            }\n        }\n\n        @media (max-width: 480px) {\n            .university-container {\n                grid-template-columns: repeat(2, 1fr); \/* 2 columns per row *\/\n            }\n        }\n    <\/style>\n<\/head>\n<body data-rsssl=1 data-rsssl=1 data-rsssl=1>\n\n    <div class=\"team-container\">\n        <h1 class=\"team-title\">Project Team<\/h1>\n\n        <!-- Kenyatta University -->\n        <h2 class=\"university-title\">Kenyatta University<\/h2>\n        <div class=\"university-container\">\n            <a href=\"https:\/\/iidemic.org\/?gva_team=dr-adelheid-marie-bwire\" class=\"team-member\">\n                <img decoding=\"async\" src=\"https:\/\/iidemic.org\/wp-content\/uploads\/2025\/08\/DR.-ADELHEID-MARIE-BWIRE1.jpg\" alt=\"Dr. Adelheid Marie Bwire\" class=\"member-image\">\n                <div class=\"member-info\">\n                    <h3 class=\"member-name\">Dr. Adelheid Marie Bwire<\/h3>\n                    <p class=\"member-university\">Kenyatta University<\/p>\n                <\/div>\n            <\/a>\n            <a href=\"https:\/\/iidemic.org\/?gva_team=dr-marguerite-k-miheso-oconnor-phd\" class=\"team-member\">\n                <img decoding=\"async\" src=\"https:\/\/iidemic.org\/wp-content\/uploads\/2025\/08\/Dr.-Marguerite-K.-Miheso-OConnor-PhD.jpg\" alt=\"Dr. Marguerite K. Miheso-O'Connor\" class=\"member-image\">\n                <div class=\"member-info\">\n                    <h3 class=\"member-name\">Dr. Marguerite K. Miheso-O&#8217;Connor<\/h3>\n                    <p class=\"member-university\">Kenyatta University<\/p>\n                <\/div>\n            <\/a>\n            <a href=\"https:\/\/iidemic.org\/?gva_team=dr-francis-gichuki-mwangi\" class=\"team-member\">\n                <img decoding=\"async\" src=\"https:\/\/iidemic.org\/wp-content\/uploads\/2025\/08\/DR.FRANCIS-GICHUKI-MWANGI.jpg\" alt=\"Dr. Francis Gichuki Mwangi\" class=\"member-image\">\n                <div class=\"member-info\">\n                    <h3 class=\"member-name\">Dr. Francis Gichuki Mwangi<\/h3>\n                    <p class=\"member-university\">Kenyatta University<\/p>\n                <\/div>\n            <\/a>\n            <a href=\"https:\/\/iidemic.org\/?gva_team=dr-bunyasi\" class=\"team-member\">\n                <img decoding=\"async\" src=\"https:\/\/iidemic.org\/wp-content\/uploads\/2025\/08\/Dr.-Bunyasi.jpg\" alt=\"Dr. Bunyasi\" class=\"member-image\">\n                <div class=\"member-info\">\n                    <h3 class=\"member-name\">Dr. Bunyasi<\/h3>\n                    <p class=\"member-university\">Kenyatta University<\/p>\n                <\/div>\n            <\/a>\n            <a href=\"https:\/\/iidemic.org\/?gva_team=mr-denis-korir\" class=\"team-member\">\n                <img decoding=\"async\" src=\"https:\/\/iidemic.org\/wp-content\/uploads\/2025\/08\/Mr.-Denis-Korir.jpg\" alt=\"Mr. Denis Korir\" class=\"member-image\">\n                <div class=\"member-info\">\n                    <h3 class=\"member-name\">Mr. Denis Korir<\/h3>\n                    <p class=\"member-university\">Kenyatta University<\/p>\n                <\/div>\n            <\/a>\n\n        <a href=\"https:\/\/iidemic.org\/?gva_team=prof-mildred-pauline-nawiri\">\n                <img decoding=\"async\" src=\"https:\/\/iidemic.org\/wp-content\/uploads\/2025\/08\/Prof.-Mildred-Nawiri.jpg\" alt=\"Prof. Mildred Pauline Nawiri\" class=\"member-image\">\n                <div class=\"member-info\">\n                    <h3 class=\"member-name\">Prof. Mildred Pauline Nawiri<\/h3>\n                    <p class=\"member-university\">Kenyatta University<\/p>\n                <\/div>\n            <\/a>\n        <\/div>\n\n        <!-- K\u00fctahya Dumlup\u0131nar University -->\n        <h2 class=\"university-title\">K\u00fctahya Dumlup\u0131nar University<\/h2>\n        <div class=\"university-container\">\n            <a href=\"https:\/\/iidemic.org\/?gva_team=dr-bunyamin-han\" class=\"team-member\">\n                <img decoding=\"async\" src=\"https:\/\/iidemic.org\/wp-content\/uploads\/2025\/08\/Dr.-Bunyamin-HAN.jpg\" alt=\"Dr. B\u00fcnyamin Han\" class=\"member-image\">\n                <div class=\"member-info\">\n                    <h3 class=\"member-name\">Dr. B\u00fcnyamin Han<\/h3>\n                    <p class=\"member-university\">K\u00fctahya Dumlup\u0131nar University<\/p>\n                <\/div>\n            <\/a>\n            <a href=\"https:\/\/iidemic.org\/?gva_team=dr-muhammet-yunus-sisman\" class=\"team-member\">\n                <img decoding=\"async\" src=\"https:\/\/iidemic.org\/wp-content\/uploads\/2025\/08\/Dr.-Muhammet-Yunus-SISMAN.jpg\" alt=\"Dr. Muhammet Yunus \u015ei\u015fman\" class=\"member-image\">\n                <div class=\"member-info\">\n                    <h3 class=\"member-name\">Dr. Muhammet Yunus \u015ei\u015fman<\/h3>\n                    <p class=\"member-university\">K\u00fctahya Dumlup\u0131nar University<\/p>\n                <\/div>\n            <\/a>\n            <a href=\"https:\/\/iidemic.org\/?gva_team=dr-sumeyye-ocal-dorterler\" class=\"team-member\">\n                <img decoding=\"async\" src=\"https:\/\/iidemic.org\/wp-content\/uploads\/2025\/08\/Dr.-Sumeyye-OCAL-DORTERLER.jpg\" alt=\"Dr. S\u00fcmeyye Ocal Dorterler\" class=\"member-image\">\n                <div class=\"member-info\">\n                    <h3 class=\"member-name\">Dr. S\u00fcmeyye Ocal Dorterler<\/h3>\n                    <p class=\"member-university\">K\u00fctahya Dumlup\u0131nar University<\/p>\n                <\/div>\n            <\/a>\n        <\/div>\n\n        <!-- Masinde Muliro University -->\n        <h2 class=\"university-title\">Masinde Muliro University of Science and Technology<\/h2>\n        <div class=\"university-container\">\n            <a href=\"https:\/\/iidemic.org\/?gva_team=professor-lydiah-wamocha\" class=\"team-member\">\n                <img decoding=\"async\" src=\"https:\/\/iidemic.org\/wp-content\/uploads\/2025\/08\/Professor-Lydiah-Wamocha.jpg\" alt=\"Professor Lydiah Wamocha\" class=\"member-image\">\n                <div class=\"member-info\">\n                    <h3 class=\"member-name\">Professor Lydiah Wamocha<\/h3>\n                    <p class=\"member-university\">Masinde Muliro University<\/p>\n                <\/div>\n            <\/a>\n            <a href=\"https:\/\/iidemic.org\/?gva_team=com-prof-joseph-nasongo\" class=\"team-member\">\n                <img decoding=\"async\" src=\"https:\/\/iidemic.org\/wp-content\/uploads\/2025\/08\/Com.-Prof.-Joseph-Nasongo.jpg\" alt=\"Com. Prof. Joseph Nasongo\" class=\"member-image\">\n                <div class=\"member-info\">\n                    <h3 class=\"member-name\">Com. Prof. Joseph Nasongo<\/h3>\n                    <p class=\"member-university\">Masinde Muliro University<\/p>\n                <\/div>\n            <\/a>\n            <a href=\"https:\/\/iidemic.org\/?gva_team=dr-rose-shikuri\" class=\"team-member\">\n                <img decoding=\"async\" src=\"https:\/\/iidemic.org\/wp-content\/uploads\/2025\/08\/Dr-Rose-Shikuri.jpg\" alt=\"Dr. Rose Shikuri\" class=\"member-image\">\n                <div class=\"member-info\">\n                    <h3 class=\"member-name\">Dr. Rose Shikuri<\/h3>\n                    <p class=\"member-university\">Masinde Muliro University<\/p>\n                <\/div>\n            <\/a>\n            <a href=\"https:\/\/iidemic.org\/?gva_team=dr-jane-situma\" class=\"team-member\">\n                <img decoding=\"async\" src=\"https:\/\/iidemic.org\/wp-content\/uploads\/2025\/08\/Dr.-Jane-Situma.jpg\" alt=\"Dr. Jane Situma\" class=\"member-image\">\n                <div class=\"member-info\">\n                    <h3 class=\"member-name\">Dr. Jane Situma<\/h3>\n                    <p class=\"member-university\">Masinde Muliro University<\/p>\n                <\/div>\n            <\/a>\n           \n        <\/div>\n\n        <!-- Mogadishu University -->\n        <h2 class=\"university-title\">Mogadishu University<\/h2>\n        <div class=\"university-container\">\n            <a href=\"https:\/\/iidemic.org\/?gva_team=dr-daud-ali-aser\" class=\"team-member\">\n                <img decoding=\"async\" src=\"https:\/\/iidemic.org\/wp-content\/uploads\/2025\/08\/Dr.-Daud-Ali-Aser.jpg\" alt=\"Dr. Daud Ali Aser\" class=\"member-image\">\n                <div class=\"member-info\">\n                    <h3 class=\"member-name\">Dr. Daud Ali Aser<\/h3>\n                    <p class=\"member-university\">Mogadishu University<\/p>\n                <\/div>\n            <\/a>\n            <a href=\"https:\/\/iidemic.org\/?gva_team=hassan-sheikh-ahmed\" class=\"team-member\">\n                <img decoding=\"async\" src=\"https:\/\/iidemic.org\/wp-content\/uploads\/2025\/08\/Hassan-Sheikh-Ahmed.jpg\" alt=\"Hassan Sheikh Ahmed\" class=\"member-image\">\n                <div class=\"member-info\">\n                    <h3 class=\"member-name\">Hassan Sheikh Ahmed<\/h3>\n                    <p class=\"member-university\">Mogadishu University<\/p>\n                <\/div>\n            <\/a>\n            <a href=\"https:\/\/iidemic.org\/?gva_team=abdiwale-sheikh-mohamed\" class=\"team-member\">\n                <img decoding=\"async\" src=\"https:\/\/iidemic.org\/wp-content\/uploads\/2025\/08\/Abdiwale-Sheikh-Mohamed.jpg\" alt=\"Abdiwale Sheikh Mohamed\" class=\"member-image\">\n                <div class=\"member-info\">\n                    <h3 class=\"member-name\">Abdiwale Sheikh Mohamed<\/h3>\n                    <p class=\"member-university\">Mogadishu University<\/p>\n                <\/div>\n            <\/a>\n            <a href=\"https:\/\/iidemic.org\/?gva_team=ahmed-omar-moalim\" class=\"team-member\">\n                <img decoding=\"async\" src=\"https:\/\/iidemic.org\/wp-content\/uploads\/2025\/08\/Ahmed-Omar-Moalim.jpg\" alt=\"Ahmed Omar Moalim\" class=\"member-image\">\n                <div class=\"member-info\">\n                    <h3 class=\"member-name\">Ahmed Omar Moalim<\/h3>\n                    <p class=\"member-university\">Mogadishu University<\/p>\n                <\/div>\n            <\/a>\n            <a href=\"https:\/\/iidemic.org\/?gva_team=dr-john-momanyi-profile\" class=\"team-member\">\n                <img decoding=\"async\" src=\"https:\/\/iidemic.org\/wp-content\/uploads\/2025\/08\/Dr.-John-Momanyi-Profile.jpg\" alt=\"Dr. John Momanyi\" class=\"member-image\">\n                <div class=\"member-info\">\n                    <h3 class=\"member-name\">Dr. John Momanyi<\/h3>\n                    <p class=\"member-university\">Mogadishu University<\/p>\n                <\/div>\n            <\/a>\n        <\/div>\n\n        <!-- WSB Merito University -->\n        <h2 class=\"university-title\">WSB Merito University<\/h2>\n        <div class=\"university-container\">\n            <a href=\"https:\/\/iidemic.org\/?gva_team=lucyna-sobkowiak\" class=\"team-member\">\n                <img decoding=\"async\" src=\"https:\/\/iidemic.org\/wp-content\/uploads\/2025\/08\/Lucyna-Sobkowiak-\u2013-Project-Coordinator.jpg\" alt=\"Lucyna Sobkowiak\" class=\"member-image\">\n                <div class=\"member-info\">\n                    <h3 class=\"member-name\">Lucyna Sobkowiak<\/h3>\n                    <p class=\"member-university\">WSB Merito University<\/p>\n                <\/div>\n            <\/a>\n            <a href=\"https:\/\/iidemic.org\/?gva_team=dominika-dratwinska\" class=\"team-member\">\n                <img decoding=\"async\" src=\"https:\/\/iidemic.org\/wp-content\/uploads\/2025\/08\/Dominika-Dratwinska-\u2013-Coordinating-Assistant.jpg\" alt=\"Dominika Dratwinska\" class=\"member-image\">\n                <div class=\"member-info\">\n                    <h3 class=\"member-name\">Dominika Dratwinska<\/h3>\n                    <p class=\"member-university\">WSB Merito University<\/p>\n                <\/div>\n            <\/a>\n            <a href=\"https:\/\/iidemic.org\/?gva_team=agnieszka-goncerzewicz\" class=\"team-member\">\n                <img decoding=\"async\" src=\"https:\/\/iidemic.org\/wp-content\/uploads\/2025\/08\/Agnieszka-Goncerzewicz-\u2013-Methodologist-Trainer.jpg\" alt=\"Agnieszka Goncerzewicz\" class=\"member-image\">\n                <div class=\"member-info\">\n                    <h3 class=\"member-name\">Agnieszka Goncerzewicz<\/h3>\n                    <p class=\"member-university\">WSB Merito University<\/p>\n                <\/div>\n            <\/a>\n            <a href=\"https:\/\/iidemic.org\/?gva_team=agnieszka-kozlowska\" class=\"team-member\">\n                <img decoding=\"async\" src=\"https:\/\/iidemic.org\/wp-content\/uploads\/2025\/08\/Agnieszka-Kozlowska-\u2013-Methodologist-Course-Author.jpg\" alt=\"Agnieszka Koz\u0142owska\" class=\"member-image\">\n                <div class=\"member-info\">\n                    <h3 class=\"member-name\">Agnieszka Koz\u0142owska<\/h3>\n                    <p class=\"member-university\">WSB Merito University<\/p>\n                <\/div>\n            <\/a>\n            <a href=\"https:\/\/iidemic.org\/?gva_team=marcin-czyzuk\" class=\"team-member\">\n                <img decoding=\"async\" src=\"https:\/\/iidemic.org\/wp-content\/uploads\/2025\/08\/Marcin-Czyzuk-\u2013-Trainer-Consultant-Author.jpg\" alt=\"Marcin Czy\u017cuk\" class=\"member-image\">\n                <div class=\"member-info\">\n                    <h3 class=\"member-name\">Marcin Czy\u017cuk<\/h3>\n                    <p class=\"member-university\">WSB Merito University<\/p>\n                <\/div>\n            <\/a>\n        <\/div>\n\n        <!-- Red Sea University -->\n        <h2 class=\"university-title\">Red Sea University<\/h2>\n        <div class=\"university-container\">\n            <a href=\"https:\/\/iidemic.org\/?gva_team=dr-faisal-maaxiye\" class=\"team-member\">\n                <img decoding=\"async\" src=\"https:\/\/iidemic.org\/wp-content\/uploads\/2025\/08\/Dr.-Faisal-Maaxiye.jpg\" alt=\"Dr. Faisal Maaxiye\" class=\"member-image\">\n                <div class=\"member-info\">\n                    <h3 class=\"member-name\">Dr. Faisal Maaxiye<\/h3>\n                    <p class=\"member-university\">Red Sea University<\/p>\n                <\/div>\n            <\/a>\n            <a href=\"https:\/\/iidemic.org\/?gva_team=dr-ahmed-said-mohamud\" class=\"team-member\">\n                <img decoding=\"async\" src=\"https:\/\/iidemic.org\/wp-content\/uploads\/2025\/08\/Dr.-Ahmed-Said-Mohamud.jpg\" alt=\"Dr. Ahmed Said Mohamud\" class=\"member-image\">\n                <div class=\"member-info\">\n                    <h3 class=\"member-name\">Dr. Ahmed Said Mohamud<\/h3>\n                    <p class=\"member-university\">Red Sea University<\/p>\n                <\/div>\n            <\/a>\n            <a href=\"https:\/\/iidemic.org\/?gva_team=nasrudin-mohamed-ahmed\" class=\"team-member\">\n                <img decoding=\"async\" src=\"https:\/\/iidemic.org\/wp-content\/uploads\/2025\/08\/Nasrudin-Mohamed-Ahmed.jpg\" alt=\"Nasrudin Mohamed Ahmed\" class=\"member-image\">\n                <div class=\"member-info\">\n                    <h3 class=\"member-name\">Nasrudin Mohamed Ahmed<\/h3>\n                    <p class=\"member-university\">Red Sea University<\/p>\n                <\/div>\n            <\/a>\n            <a href=\"https:\/\/iidemic.org\/?gva_team=mr-muktar-mohamed\" class=\"team-member\">\n                <img decoding=\"async\" src=\"https:\/\/iidemic.org\/wp-content\/uploads\/2025\/08\/Mr.-Muktar-Mohamed.jpg\" alt=\"Mr. Muktar Mohamed\" class=\"member-image\">\n                <div class=\"member-info\">\n                    <h3 class=\"member-name\">Mr. Muktar Mohamed<\/h3>\n                    <p class=\"member-university\">Red Sea University<\/p>\n                <\/div>\n            <\/a>\n        <\/div>\n    <\/div>\n<\/body>\n<\/html>\n","protected":false},"excerpt":{"rendered":"<p>Project Team Project Team Kenyatta University Dr. Adelheid Marie Bwire Kenyatta University Dr. Marguerite K. Miheso-O&#8217;Connor Kenyatta University Dr. Francis Gichuki Mwangi Kenyatta University Dr. Bunyasi Kenyatta University Mr. Denis Korir Kenyatta University Prof. Mildred Pauline Nawiri Kenyatta University K\u00fctahya Dumlup\u0131nar University Dr. B\u00fcnyamin Han K\u00fctahya Dumlup\u0131nar University Dr. Muhammet Yunus \u015ei\u015fman K\u00fctahya Dumlup\u0131nar University [&hellip;]<\/p>\n","protected":false},"author":1,"featured_media":0,"parent":0,"menu_order":0,"comment_status":"closed","ping_status":"closed","template":"","meta":{"footnotes":""},"class_list":["post-10527","page","type-page","status-publish","hentry"],"_links":{"self":[{"href":"https:\/\/iidemic.org\/index.php?rest_route=\/wp\/v2\/pages\/10527","targetHints":{"allow":["GET"]}}],"collection":[{"href":"https:\/\/iidemic.org\/index.php?rest_route=\/wp\/v2\/pages"}],"about":[{"href":"https:\/\/iidemic.org\/index.php?rest_route=\/wp\/v2\/types\/page"}],"author":[{"embeddable":true,"href":"https:\/\/iidemic.org\/index.php?rest_route=\/wp\/v2\/users\/1"}],"replies":[{"embeddable":true,"href":"https:\/\/iidemic.org\/index.php?rest_route=%2Fwp%2Fv2%2Fcomments&post=10527"}],"version-history":[{"count":5,"href":"https:\/\/iidemic.org\/index.php?rest_route=\/wp\/v2\/pages\/10527\/revisions"}],"predecessor-version":[{"id":10574,"href":"https:\/\/iidemic.org\/index.php?rest_route=\/wp\/v2\/pages\/10527\/revisions\/10574"}],"wp:attachment":[{"href":"https:\/\/iidemic.org\/index.php?rest_route=%2Fwp%2Fv2%2Fmedia&parent=10527"}],"curies":[{"name":"wp","href":"https:\/\/api.w.org\/{rel}","templated":true}]}}